{"id":2317,"date":"2019-05-09T19:51:27","date_gmt":"2019-05-09T19:51:27","guid":{"rendered":"http:\/\/alsoedile.ro\/it\/lucreaza-cu-noi-2\/"},"modified":"2020-03-07T17:09:12","modified_gmt":"2020-03-07T17:09:12","slug":"lavora-con-noi","status":"publish","type":"page","link":"https:\/\/alsoedile.ro\/it\/lavora-con-noi\/","title":{"rendered":"Lavora con noi"},"content":{"rendered":"<p>[vc_row][vc_column][vc_column_text]<\/p>\r\n<h5 class=\"medium-heading-inverted\">lavora con noi<\/h5>\r\n<p>L&#8217;esperienza maturata in oltre 25 anni ha permesso lo sviluppo di una forte societ\u00e0 commerciale, che si \u00e8 adattata alle esigenze e alle opportunit\u00e0 create sul mercato delle costruzioni in Romania, potendo ampliare la propria gamma di servizi in questo settore, essendo conosciuta anche in Italia. Abbiamo personale qualificato per risolvere progetti indipendentemente dalle dimensioni e dalla complessit\u00e0, trovando e promuovendo le migliori soluzioni, prodotti e servizi. Ci prendiamo cura che il personale sia altamente motivato e abbia un alto livello di condotta professionale in aggiunta.<\/p>\r\n<div id=\"valori\" class=\"section\">\r\n<div class=\"block dark \">\r\n<div class=\"container\">\r\n<div class=\"row\">\r\n<div class=\"col-md-12 column \">\r\n<div class=\"row\">\r\n<div class=\"col-xs-12 col-sm-12 col-md-4 column\">\r\n<div class=\"column-title\"><strong>Valori Anche Modificabili<\/strong><\/div>\r\n<\/div>\r\n<\/div>\r\n<\/div>\r\n<\/div>\r\n<\/div>\r\n<\/div>\r\n<\/div>\r\n<p>&nbsp;<\/p>\r\n\r\n<p>&nbsp;<\/p>\r\n\r\n<blockquote class=\"wp-block-quote is-layout-flow wp-block-quote-is-layout-flow\">\r\n<div class=\"col-xs-12 col-sm-6 col-md-6\">\r\n<div class=\"innovative-service\">Innovazione siamo costantemente alla ricerca di nuove innovazioni e tecnologie costruttive che forniscano ai nostri clienti informazioni accurate, costi prevedibili e trasparenti e servizi affidabili.<\/div>\r\n<\/div>\r\n<\/blockquote>\r\n\r\n<p>\u00a0<\/p>\r\n\r\n<p>&nbsp;<\/p>\r\n\r\n<blockquote class=\"wp-block-quote is-layout-flow wp-block-quote-is-layout-flow\">\r\n<div class=\"col-xs-12 col-sm-6 col-md-6\">\r\n<div class=\"innovative-service\">Esperienza l&#8217;esperienza acquisita durante i 25 anni ha permesso lo sviluppo di una forte societ\u00e0 commerciale, che si \u00e8 adattata alle esigenze e alle opportunit\u00e0 create sul mercato delle costruzioni Rumeno.<\/div>\r\n<\/div>\r\n<\/blockquote>\r\n<p>\u00a0<\/p>\r\n\r\n<p>&nbsp;<\/p>\r\n\r\n<blockquote class=\"wp-block-quote is-layout-flow wp-block-quote-is-layout-flow\">\r\n<div class=\"col-xs-12 col-sm-6 col-md-6\">\r\n<div class=\"innovative-service\">Qualit\u00e0 siamo in un continuo processo di miglioramento, collaboriamo con fornitori e produttori dei migliori materiali di qualit\u00e0, rinomati in Romania e in Italia.<\/div>\r\n<\/div>\r\n<\/blockquote>\r\n\r\n<p>&nbsp;<\/p>\r\n\r\n<p>&nbsp;<\/p>\r\n\r\n<blockquote class=\"wp-block-quote is-layout-flow wp-block-quote-is-layout-flow\">\r\n<div class=\"col-xs-12 col-sm-6 col-md-6\">\r\n<div class=\"innovative-service\">Soluzioni Complete prestiamo attenzione ad ogni dettaglio e troviamo sempre soluzioni complete per soddisfare le esigenze del cliente, assumendoci la responsabilit\u00e0 dei servizi forniti.<\/div>\r\n<\/div>\r\n<\/blockquote>\r\n\r\n<p>&nbsp;<\/p>\r\n<p>[\/vc_column_text][\/vc_column][\/vc_row]<\/p>","protected":false},"excerpt":{"rendered":"<p>[vc_row][vc_column][vc_column_text] lavora con noi L&#8217;esperienza maturata in oltre 25 anni ha permesso lo sviluppo di una forte societ\u00e0 commerciale, che si &#8230;<\/p>\n","protected":false},"author":1,"featured_media":0,"parent":0,"menu_order":0,"comment_status":"closed","ping_status":"closed","template":"","meta":{"footnotes":""},"class_list":["post-2317","page","type-page","status-publish","hentry"],"_links":{"self":[{"href":"https:\/\/alsoedile.ro\/it\/wp-json\/wp\/v2\/pages\/2317","targetHints":{"allow":["GET"]}}],"collection":[{"href":"https:\/\/alsoedile.ro\/it\/wp-json\/wp\/v2\/pages"}],"about":[{"href":"https:\/\/alsoedile.ro\/it\/wp-json\/wp\/v2\/types\/page"}],"author":[{"embeddable":true,"href":"https:\/\/alsoedile.ro\/it\/wp-json\/wp\/v2\/users\/1"}],"replies":[{"embeddable":true,"href":"https:\/\/alsoedile.ro\/it\/wp-json\/wp\/v2\/comments?post=2317"}],"version-history":[{"count":0,"href":"https:\/\/alsoedile.ro\/it\/wp-json\/wp\/v2\/pages\/2317\/revisions"}],"wp:attachment":[{"href":"https:\/\/alsoedile.ro\/it\/wp-json\/wp\/v2\/media?parent=2317"}],"curies":[{"name":"wp","href":"https:\/\/api.w.org\/{rel}","templated":true}]}}