{"id":2400,"date":"2019-04-13T12:46:52","date_gmt":"2019-04-13T12:46:52","guid":{"rendered":"http:\/\/alsoedile.ro\/it\/progetto\/depozit-de-dejectie\/"},"modified":"2020-03-09T19:09:30","modified_gmt":"2020-03-09T19:09:30","slug":"deposito-di-sbrinamento","status":"publish","type":"page","link":"https:\/\/alsoedile.ro\/it\/progetto\/deposito-di-sbrinamento\/","title":{"rendered":"Deposito di sbrinamento"},"content":{"rendered":"<p>[vc_row padding_top=&#8221;0&#8243; padding_bottom=&#8221;0&#8243;][vc_column][vc_single_image image=&#8221;1099&#8243; img_size=&#8221;1000&#215;600&#8243;][vc_column_text]<\/p>\n\n        <style type='text\/css'>\n            #gallery-1 .gallery-item {\n                float: left;\n                text-align: center;\n                width: 20%;\n                margin-bottom:0;\n            }\n            #gallery-1 img {\n            }\n            #gallery-1 .gallery-caption {\n                margin-left: 0;\n            }\n        <\/style>\n\t\t<div id='gallery-1' class='gallery  gallery-columns-5 gallery-size-medium-thumb gallery-lightbox'><dl class='gallery-item'>\n            <dt class='gallery-icon'>\n                <a href='https:\/\/alsoedile.ro\/wp-content\/uploads\/2019\/04\/depozit-dejectii1.jpg'><img loading=\"lazy\" decoding=\"async\" width=\"600\" height=\"300\" src=\"https:\/\/alsoedile.ro\/wp-content\/uploads\/2019\/04\/depozit-dejectii1-600x300.jpg\" class=\"attachment-medium-thumb size-medium-thumb\" alt=\"\" srcset=\"https:\/\/alsoedile.ro\/wp-content\/uploads\/2019\/04\/depozit-dejectii1-600x300.jpg 600w, https:\/\/alsoedile.ro\/wp-content\/uploads\/2019\/04\/depozit-dejectii1-400x200.jpg 400w, https:\/\/alsoedile.ro\/wp-content\/uploads\/2019\/04\/depozit-dejectii1-800x400.jpg 800w\" sizes=\"auto, (max-width: 600px) 100vw, 600px\" \/><\/a>\n            <\/dt><\/dl><dl class='gallery-item'>\n            <dt class='gallery-icon'>\n                <a href='https:\/\/alsoedile.ro\/wp-content\/uploads\/2019\/04\/depozit-dejectii2.jpg'><img loading=\"lazy\" decoding=\"async\" width=\"600\" height=\"300\" src=\"https:\/\/alsoedile.ro\/wp-content\/uploads\/2019\/04\/depozit-dejectii2-600x300.jpg\" class=\"attachment-medium-thumb size-medium-thumb\" alt=\"\" srcset=\"https:\/\/alsoedile.ro\/wp-content\/uploads\/2019\/04\/depozit-dejectii2-600x300.jpg 600w, https:\/\/alsoedile.ro\/wp-content\/uploads\/2019\/04\/depozit-dejectii2-400x200.jpg 400w, https:\/\/alsoedile.ro\/wp-content\/uploads\/2019\/04\/depozit-dejectii2-800x400.jpg 800w\" sizes=\"auto, (max-width: 600px) 100vw, 600px\" \/><\/a>\n            <\/dt><\/dl><dl class='gallery-item'>\n            <dt class='gallery-icon'>\n                <a href='https:\/\/alsoedile.ro\/wp-content\/uploads\/2019\/04\/depozit-dejectii3-1.jpg'><img loading=\"lazy\" decoding=\"async\" width=\"600\" height=\"300\" src=\"https:\/\/alsoedile.ro\/wp-content\/uploads\/2019\/04\/depozit-dejectii3-1-600x300.jpg\" class=\"attachment-medium-thumb size-medium-thumb\" alt=\"\" srcset=\"https:\/\/alsoedile.ro\/wp-content\/uploads\/2019\/04\/depozit-dejectii3-1-600x300.jpg 600w, https:\/\/alsoedile.ro\/wp-content\/uploads\/2019\/04\/depozit-dejectii3-1-400x200.jpg 400w, https:\/\/alsoedile.ro\/wp-content\/uploads\/2019\/04\/depozit-dejectii3-1-800x400.jpg 800w\" sizes=\"auto, (max-width: 600px) 100vw, 600px\" \/><\/a>\n            <\/dt><\/dl><dl class='gallery-item'>\n            <dt class='gallery-icon'>\n                <a href='https:\/\/alsoedile.ro\/wp-content\/uploads\/2019\/04\/depozit-dejectii4.jpg'><img loading=\"lazy\" decoding=\"async\" width=\"600\" height=\"300\" src=\"https:\/\/alsoedile.ro\/wp-content\/uploads\/2019\/04\/depozit-dejectii4-600x300.jpg\" class=\"attachment-medium-thumb size-medium-thumb\" alt=\"\" srcset=\"https:\/\/alsoedile.ro\/wp-content\/uploads\/2019\/04\/depozit-dejectii4-600x300.jpg 600w, https:\/\/alsoedile.ro\/wp-content\/uploads\/2019\/04\/depozit-dejectii4-400x200.jpg 400w, https:\/\/alsoedile.ro\/wp-content\/uploads\/2019\/04\/depozit-dejectii4-800x400.jpg 800w\" sizes=\"auto, (max-width: 600px) 100vw, 600px\" \/><\/a>\n            <\/dt><\/dl><dl class='gallery-item'>\n            <dt class='gallery-icon'>\n                <a href='https:\/\/alsoedile.ro\/wp-content\/uploads\/2019\/04\/depozit-dejectii5.jpg'><img loading=\"lazy\" decoding=\"async\" width=\"600\" height=\"300\" src=\"https:\/\/alsoedile.ro\/wp-content\/uploads\/2019\/04\/depozit-dejectii5-600x300.jpg\" class=\"attachment-medium-thumb size-medium-thumb\" alt=\"\" srcset=\"https:\/\/alsoedile.ro\/wp-content\/uploads\/2019\/04\/depozit-dejectii5-600x300.jpg 600w, https:\/\/alsoedile.ro\/wp-content\/uploads\/2019\/04\/depozit-dejectii5-400x200.jpg 400w, https:\/\/alsoedile.ro\/wp-content\/uploads\/2019\/04\/depozit-dejectii5-800x400.jpg 800w\" sizes=\"auto, (max-width: 600px) 100vw, 600px\" \/><\/a>\n            <\/dt><\/dl><div class=\"clear\"><\/div><dl class='gallery-item'>\n            <dt class='gallery-icon'>\n                <a href='https:\/\/alsoedile.ro\/wp-content\/uploads\/2019\/04\/depozit-dejectii6.jpg'><img loading=\"lazy\" decoding=\"async\" width=\"600\" height=\"300\" src=\"https:\/\/alsoedile.ro\/wp-content\/uploads\/2019\/04\/depozit-dejectii6-600x300.jpg\" class=\"attachment-medium-thumb size-medium-thumb\" alt=\"\" srcset=\"https:\/\/alsoedile.ro\/wp-content\/uploads\/2019\/04\/depozit-dejectii6-600x300.jpg 600w, https:\/\/alsoedile.ro\/wp-content\/uploads\/2019\/04\/depozit-dejectii6-400x200.jpg 400w, https:\/\/alsoedile.ro\/wp-content\/uploads\/2019\/04\/depozit-dejectii6-800x400.jpg 800w\" sizes=\"auto, (max-width: 600px) 100vw, 600px\" \/><\/a>\n            <\/dt><\/dl><dl class='gallery-item'>\n            <dt class='gallery-icon'>\n                <a href='https:\/\/alsoedile.ro\/wp-content\/uploads\/2019\/04\/Depozit-Dejectii-114.png'><img loading=\"lazy\" decoding=\"async\" width=\"450\" height=\"300\" src=\"https:\/\/alsoedile.ro\/wp-content\/uploads\/2019\/04\/Depozit-Dejectii-114-450x300.png\" class=\"attachment-medium-thumb size-medium-thumb\" alt=\"\" \/><\/a>\n            <\/dt><\/dl><dl class='gallery-item'>\n            <dt class='gallery-icon'>\n                <a href='https:\/\/alsoedile.ro\/wp-content\/uploads\/2019\/04\/Depozit-Dejectii-147.png'><img loading=\"lazy\" decoding=\"async\" width=\"600\" height=\"300\" src=\"https:\/\/alsoedile.ro\/wp-content\/uploads\/2019\/04\/Depozit-Dejectii-147-600x300.png\" class=\"attachment-medium-thumb size-medium-thumb\" alt=\"\" srcset=\"https:\/\/alsoedile.ro\/wp-content\/uploads\/2019\/04\/Depozit-Dejectii-147-600x300.png 600w, https:\/\/alsoedile.ro\/wp-content\/uploads\/2019\/04\/Depozit-Dejectii-147-400x200.png 400w, https:\/\/alsoedile.ro\/wp-content\/uploads\/2019\/04\/Depozit-Dejectii-147-800x400.png 800w\" sizes=\"auto, (max-width: 600px) 100vw, 600px\" \/><\/a>\n            <\/dt><\/dl><dl class='gallery-item'>\n            <dt class='gallery-icon'>\n                <a href='https:\/\/alsoedile.ro\/wp-content\/uploads\/2019\/04\/Depozit-Dejectii-159.png'><img loading=\"lazy\" decoding=\"async\" width=\"600\" height=\"300\" src=\"https:\/\/alsoedile.ro\/wp-content\/uploads\/2019\/04\/Depozit-Dejectii-159-600x300.png\" class=\"attachment-medium-thumb size-medium-thumb\" alt=\"\" srcset=\"https:\/\/alsoedile.ro\/wp-content\/uploads\/2019\/04\/Depozit-Dejectii-159-600x300.png 600w, https:\/\/alsoedile.ro\/wp-content\/uploads\/2019\/04\/Depozit-Dejectii-159-400x200.png 400w, https:\/\/alsoedile.ro\/wp-content\/uploads\/2019\/04\/Depozit-Dejectii-159-800x400.png 800w\" sizes=\"auto, (max-width: 600px) 100vw, 600px\" \/><\/a>\n            <\/dt><\/dl><dl class='gallery-item'>\n            <dt class='gallery-icon'>\n                <a href='https:\/\/alsoedile.ro\/wp-content\/uploads\/2019\/04\/Depozit-Dejectii-169.png'><img loading=\"lazy\" decoding=\"async\" width=\"516\" height=\"291\" src=\"https:\/\/alsoedile.ro\/wp-content\/uploads\/2019\/04\/Depozit-Dejectii-169.png\" class=\"attachment-medium-thumb size-medium-thumb\" alt=\"\" srcset=\"https:\/\/alsoedile.ro\/wp-content\/uploads\/2019\/04\/Depozit-Dejectii-169.png 516w, https:\/\/alsoedile.ro\/wp-content\/uploads\/2019\/04\/Depozit-Dejectii-169-300x169.png 300w\" sizes=\"auto, (max-width: 516px) 100vw, 516px\" \/><\/a>\n            <\/dt><\/dl><div class=\"clear\"><\/div><dl class='gallery-item'>\n            <dt class='gallery-icon'>\n                <a href='https:\/\/alsoedile.ro\/wp-content\/uploads\/2019\/04\/dopozit-dejectii.jpg'><img loading=\"lazy\" decoding=\"async\" width=\"600\" height=\"300\" src=\"https:\/\/alsoedile.ro\/wp-content\/uploads\/2019\/04\/dopozit-dejectii-600x300.jpg\" class=\"attachment-medium-thumb size-medium-thumb\" alt=\"\" srcset=\"https:\/\/alsoedile.ro\/wp-content\/uploads\/2019\/04\/dopozit-dejectii-600x300.jpg 600w, https:\/\/alsoedile.ro\/wp-content\/uploads\/2019\/04\/dopozit-dejectii-400x200.jpg 400w, https:\/\/alsoedile.ro\/wp-content\/uploads\/2019\/04\/dopozit-dejectii-800x400.jpg 800w\" sizes=\"auto, (max-width: 600px) 100vw, 600px\" \/><\/a>\n            <\/dt><\/dl><dl class='gallery-item'>\n            <dt class='gallery-icon'>\n                <a href='https:\/\/alsoedile.ro\/wp-content\/uploads\/2019\/04\/dopozit-dejectii7.jpg'><img loading=\"lazy\" decoding=\"async\" width=\"600\" height=\"300\" src=\"https:\/\/alsoedile.ro\/wp-content\/uploads\/2019\/04\/dopozit-dejectii7-600x300.jpg\" class=\"attachment-medium-thumb size-medium-thumb\" alt=\"\" srcset=\"https:\/\/alsoedile.ro\/wp-content\/uploads\/2019\/04\/dopozit-dejectii7-600x300.jpg 600w, https:\/\/alsoedile.ro\/wp-content\/uploads\/2019\/04\/dopozit-dejectii7-400x200.jpg 400w, https:\/\/alsoedile.ro\/wp-content\/uploads\/2019\/04\/dopozit-dejectii7-800x400.jpg 800w\" sizes=\"auto, (max-width: 600px) 100vw, 600px\" \/><\/a>\n            <\/dt><\/dl><dl class='gallery-item'>\n            <dt class='gallery-icon'>\n                <a href='https:\/\/alsoedile.ro\/wp-content\/uploads\/2019\/04\/dopozit-dejectii8.jpg'><img loading=\"lazy\" decoding=\"async\" width=\"600\" height=\"300\" src=\"https:\/\/alsoedile.ro\/wp-content\/uploads\/2019\/04\/dopozit-dejectii8-600x300.jpg\" class=\"attachment-medium-thumb size-medium-thumb\" alt=\"\" srcset=\"https:\/\/alsoedile.ro\/wp-content\/uploads\/2019\/04\/dopozit-dejectii8-600x300.jpg 600w, https:\/\/alsoedile.ro\/wp-content\/uploads\/2019\/04\/dopozit-dejectii8-400x200.jpg 400w, https:\/\/alsoedile.ro\/wp-content\/uploads\/2019\/04\/dopozit-dejectii8-800x400.jpg 800w\" sizes=\"auto, (max-width: 600px) 100vw, 600px\" \/><\/a>\n            <\/dt><\/dl><dl class='gallery-item'>\n            <dt class='gallery-icon'>\n                <a href='https:\/\/alsoedile.ro\/wp-content\/uploads\/2019\/04\/dopozit-dejectii9.jpg'><img loading=\"lazy\" decoding=\"async\" width=\"600\" height=\"300\" src=\"https:\/\/alsoedile.ro\/wp-content\/uploads\/2019\/04\/dopozit-dejectii9-600x300.jpg\" class=\"attachment-medium-thumb size-medium-thumb\" alt=\"\" srcset=\"https:\/\/alsoedile.ro\/wp-content\/uploads\/2019\/04\/dopozit-dejectii9-600x300.jpg 600w, https:\/\/alsoedile.ro\/wp-content\/uploads\/2019\/04\/dopozit-dejectii9-400x200.jpg 400w, https:\/\/alsoedile.ro\/wp-content\/uploads\/2019\/04\/dopozit-dejectii9-800x400.jpg 800w\" sizes=\"auto, (max-width: 600px) 100vw, 600px\" \/><\/a>\n            <\/dt><\/dl><dl class='gallery-item'>\n            <dt class='gallery-icon'>\n                <a href='https:\/\/alsoedile.ro\/wp-content\/uploads\/2019\/04\/dopozit-dejectii10.jpg'><img loading=\"lazy\" decoding=\"async\" width=\"600\" height=\"300\" src=\"https:\/\/alsoedile.ro\/wp-content\/uploads\/2019\/04\/dopozit-dejectii10-600x300.jpg\" class=\"attachment-medium-thumb size-medium-thumb\" alt=\"\" srcset=\"https:\/\/alsoedile.ro\/wp-content\/uploads\/2019\/04\/dopozit-dejectii10-600x300.jpg 600w, https:\/\/alsoedile.ro\/wp-content\/uploads\/2019\/04\/dopozit-dejectii10-400x200.jpg 400w, https:\/\/alsoedile.ro\/wp-content\/uploads\/2019\/04\/dopozit-dejectii10-800x400.jpg 800w\" sizes=\"auto, (max-width: 600px) 100vw, 600px\" \/><\/a>\n            <\/dt><\/dl><div class=\"clear\"><\/div><dl class='gallery-item'>\n            <dt class='gallery-icon'>\n                <a href='https:\/\/alsoedile.ro\/wp-content\/uploads\/2019\/04\/dopozit-dejectii11.jpg'><img loading=\"lazy\" decoding=\"async\" width=\"600\" height=\"300\" src=\"https:\/\/alsoedile.ro\/wp-content\/uploads\/2019\/04\/dopozit-dejectii11-600x300.jpg\" class=\"attachment-medium-thumb size-medium-thumb\" alt=\"\" srcset=\"https:\/\/alsoedile.ro\/wp-content\/uploads\/2019\/04\/dopozit-dejectii11-600x300.jpg 600w, https:\/\/alsoedile.ro\/wp-content\/uploads\/2019\/04\/dopozit-dejectii11-400x200.jpg 400w, https:\/\/alsoedile.ro\/wp-content\/uploads\/2019\/04\/dopozit-dejectii11-800x400.jpg 800w\" sizes=\"auto, (max-width: 600px) 100vw, 600px\" \/><\/a>\n            <\/dt><\/dl><dl class='gallery-item'>\n            <dt class='gallery-icon'>\n                <a href='https:\/\/alsoedile.ro\/wp-content\/uploads\/2019\/04\/dopozit-dejectii12.jpg'><img loading=\"lazy\" decoding=\"async\" width=\"600\" height=\"300\" src=\"https:\/\/alsoedile.ro\/wp-content\/uploads\/2019\/04\/dopozit-dejectii12-600x300.jpg\" class=\"attachment-medium-thumb size-medium-thumb\" alt=\"\" srcset=\"https:\/\/alsoedile.ro\/wp-content\/uploads\/2019\/04\/dopozit-dejectii12-600x300.jpg 600w, https:\/\/alsoedile.ro\/wp-content\/uploads\/2019\/04\/dopozit-dejectii12-400x200.jpg 400w, https:\/\/alsoedile.ro\/wp-content\/uploads\/2019\/04\/dopozit-dejectii12-800x400.jpg 800w\" sizes=\"auto, (max-width: 600px) 100vw, 600px\" \/><\/a>\n            <\/dt><\/dl><dl class='gallery-item'>\n            <dt class='gallery-icon'>\n                <a href='https:\/\/alsoedile.ro\/wp-content\/uploads\/2019\/04\/dopozit-dejectii13.jpg'><img loading=\"lazy\" decoding=\"async\" width=\"600\" height=\"300\" src=\"https:\/\/alsoedile.ro\/wp-content\/uploads\/2019\/04\/dopozit-dejectii13-600x300.jpg\" class=\"attachment-medium-thumb size-medium-thumb\" alt=\"\" srcset=\"https:\/\/alsoedile.ro\/wp-content\/uploads\/2019\/04\/dopozit-dejectii13-600x300.jpg 600w, https:\/\/alsoedile.ro\/wp-content\/uploads\/2019\/04\/dopozit-dejectii13-400x200.jpg 400w, https:\/\/alsoedile.ro\/wp-content\/uploads\/2019\/04\/dopozit-dejectii13-800x400.jpg 800w\" sizes=\"auto, (max-width: 600px) 100vw, 600px\" \/><\/a>\n            <\/dt><\/dl><dl class='gallery-item'>\n            <dt class='gallery-icon'>\n                <a href='https:\/\/alsoedile.ro\/wp-content\/uploads\/2019\/04\/dopozit-dejectii14.jpg'><img loading=\"lazy\" decoding=\"async\" width=\"600\" height=\"300\" src=\"https:\/\/alsoedile.ro\/wp-content\/uploads\/2019\/04\/dopozit-dejectii14-600x300.jpg\" class=\"attachment-medium-thumb size-medium-thumb\" alt=\"\" srcset=\"https:\/\/alsoedile.ro\/wp-content\/uploads\/2019\/04\/dopozit-dejectii14-600x300.jpg 600w, https:\/\/alsoedile.ro\/wp-content\/uploads\/2019\/04\/dopozit-dejectii14-400x200.jpg 400w, https:\/\/alsoedile.ro\/wp-content\/uploads\/2019\/04\/dopozit-dejectii14-800x400.jpg 800w\" sizes=\"auto, (max-width: 600px) 100vw, 600px\" \/><\/a>\n            <\/dt><\/dl>\n            <div class=\"clear\"><\/div>\n        <\/div>\n\n<p>[\/vc_column_text][\/vc_column][\/vc_row][vc_row][vc_column width=&#8221;1\/2&#8243;][vc_column_text]<\/p>\n<div class=\"col-xs-12 col-sm-12 col-md-7\">\n<h4>Progetto di costruzione per il letame tipo di stoccaggio a terra.<\/h4>\n<p>Realizzazione del lavoro \u00e8 stato fatto su progetti specializzati (struttura, architettura, installazioni, utilit\u00e0, strade, ecc). telaio strutturale \u00e8 stato fatto di travi di fondazione, plinti, Petone getto monolitico pareti e strutture in metallo rinforzato. Il tetto ha due piste l&#8217;angolo di 15 gradi da orizonatl\u0103 ed \u00e8 fatto di telone isolata.<br \/>\nmessaggi Catching sono state fatte sulla parte superiore del muro di cemento, con parti metalliche incorporate saldate piastre, rispettivi bulloni di ancoraggio.<\/p>\n<\/div>\n<p>[\/vc_column_text][\/vc_column][vc_column width=&#8221;1\/2&#8243;][\/vc_column][\/vc_row]<\/p>\n","protected":false},"excerpt":{"rendered":"<p>I lavori sono stati eseguiti sulla base di progetti specializzati (struttura, architettura, installazioni, edifici, strade, ecc.). La struttura di resistenza \u00e8 stata realizzata con travi di fondazione, fondazioni isolate, pareti di petoni in fusione monolitica rinforzata e telai metallici.<\/p>\n","protected":false},"author":1,"featured_media":2592,"parent":2393,"menu_order":0,"comment_status":"closed","ping_status":"closed","template":"","meta":{"footnotes":""},"class_list":["post-2400","page","type-page","status-publish","has-post-thumbnail","hentry"],"_links":{"self":[{"href":"https:\/\/alsoedile.ro\/it\/wp-json\/wp\/v2\/pages\/2400","targetHints":{"allow":["GET"]}}],"collection":[{"href":"https:\/\/alsoedile.ro\/it\/wp-json\/wp\/v2\/pages"}],"about":[{"href":"https:\/\/alsoedile.ro\/it\/wp-json\/wp\/v2\/types\/page"}],"author":[{"embeddable":true,"href":"https:\/\/alsoedile.ro\/it\/wp-json\/wp\/v2\/users\/1"}],"replies":[{"embeddable":true,"href":"https:\/\/alsoedile.ro\/it\/wp-json\/wp\/v2\/comments?post=2400"}],"version-history":[{"count":0,"href":"https:\/\/alsoedile.ro\/it\/wp-json\/wp\/v2\/pages\/2400\/revisions"}],"up":[{"embeddable":true,"href":"https:\/\/alsoedile.ro\/it\/wp-json\/wp\/v2\/pages\/2393"}],"wp:featuredmedia":[{"embeddable":true,"href":"https:\/\/alsoedile.ro\/it\/wp-json\/wp\/v2\/media\/2592"}],"wp:attachment":[{"href":"https:\/\/alsoedile.ro\/it\/wp-json\/wp\/v2\/media?parent=2400"}],"curies":[{"name":"wp","href":"https:\/\/api.w.org\/{rel}","templated":true}]}}