{"id":2471,"date":"2019-04-10T20:10:54","date_gmt":"2019-04-10T20:10:54","guid":{"rendered":"http:\/\/alsoedile.ro\/it\/progetto\/restaurare-cladire-istorica-timisoara\/"},"modified":"2020-03-09T15:56:46","modified_gmt":"2020-03-09T15:56:46","slug":"restauro-di-un-edificio-storico-timisoara","status":"publish","type":"page","link":"https:\/\/alsoedile.ro\/it\/progetto\/restauro-di-un-edificio-storico-timisoara\/","title":{"rendered":"Restauro di un edificio storico &#8211; Timisoara"},"content":{"rendered":"<p>[vc_row padding_top=&#8221;0&#8243; padding_bottom=&#8221;0&#8243;][vc_column][vc_single_image image=&#8221;1019&#8243; img_size=&#8221;1000&#215;600&#8243;][vc_column_text]<\/p>\n\n        <style type='text\/css'>\n            #gallery-1 .gallery-item {\n                float: left;\n                text-align: center;\n                width: 20%;\n                margin-bottom:0;\n            }\n            #gallery-1 img {\n            }\n            #gallery-1 .gallery-caption {\n                margin-left: 0;\n            }\n        <\/style>\n\t\t<div id='gallery-1' class='gallery  gallery-columns-5 gallery-size-medium-thumb gallery-lightbox'><dl class='gallery-item'>\n            <dt class='gallery-icon'>\n                <a href='https:\/\/alsoedile.ro\/wp-content\/uploads\/2019\/04\/cladire3.jpg'><img loading=\"lazy\" decoding=\"async\" width=\"600\" height=\"300\" src=\"https:\/\/alsoedile.ro\/wp-content\/uploads\/2019\/04\/cladire3-600x300.jpg\" class=\"attachment-medium-thumb size-medium-thumb\" alt=\"\" srcset=\"https:\/\/alsoedile.ro\/wp-content\/uploads\/2019\/04\/cladire3-600x300.jpg 600w, https:\/\/alsoedile.ro\/wp-content\/uploads\/2019\/04\/cladire3-400x200.jpg 400w\" sizes=\"auto, (max-width: 600px) 100vw, 600px\" \/><\/a>\n            <\/dt><\/dl><dl class='gallery-item'>\n            <dt class='gallery-icon'>\n                <a href='https:\/\/alsoedile.ro\/wp-content\/uploads\/2019\/04\/cladire2.jpg'><img loading=\"lazy\" decoding=\"async\" width=\"600\" height=\"300\" src=\"https:\/\/alsoedile.ro\/wp-content\/uploads\/2019\/04\/cladire2-600x300.jpg\" class=\"attachment-medium-thumb size-medium-thumb\" alt=\"\" srcset=\"https:\/\/alsoedile.ro\/wp-content\/uploads\/2019\/04\/cladire2-600x300.jpg 600w, https:\/\/alsoedile.ro\/wp-content\/uploads\/2019\/04\/cladire2-400x200.jpg 400w\" sizes=\"auto, (max-width: 600px) 100vw, 600px\" \/><\/a>\n            <\/dt><\/dl><dl class='gallery-item'>\n            <dt class='gallery-icon'>\n                <a href='https:\/\/alsoedile.ro\/wp-content\/uploads\/2019\/04\/cladire1.jpg'><img loading=\"lazy\" decoding=\"async\" width=\"600\" height=\"300\" src=\"https:\/\/alsoedile.ro\/wp-content\/uploads\/2019\/04\/cladire1-600x300.jpg\" class=\"attachment-medium-thumb size-medium-thumb\" alt=\"\" srcset=\"https:\/\/alsoedile.ro\/wp-content\/uploads\/2019\/04\/cladire1-600x300.jpg 600w, https:\/\/alsoedile.ro\/wp-content\/uploads\/2019\/04\/cladire1-400x200.jpg 400w\" sizes=\"auto, (max-width: 600px) 100vw, 600px\" \/><\/a>\n            <\/dt><\/dl><dl class='gallery-item'>\n            <dt class='gallery-icon'>\n                <a href='https:\/\/alsoedile.ro\/wp-content\/uploads\/2019\/04\/cladire.jpg'><img loading=\"lazy\" decoding=\"async\" width=\"600\" height=\"300\" src=\"https:\/\/alsoedile.ro\/wp-content\/uploads\/2019\/04\/cladire-600x300.jpg\" class=\"attachment-medium-thumb size-medium-thumb\" alt=\"\" srcset=\"https:\/\/alsoedile.ro\/wp-content\/uploads\/2019\/04\/cladire-600x300.jpg 600w, https:\/\/alsoedile.ro\/wp-content\/uploads\/2019\/04\/cladire-400x200.jpg 400w, https:\/\/alsoedile.ro\/wp-content\/uploads\/2019\/04\/cladire-800x400.jpg 800w\" sizes=\"auto, (max-width: 600px) 100vw, 600px\" \/><\/a>\n            <\/dt><\/dl>\n            <div class=\"clear\"><\/div>\n        <\/div>\n\n<p>[\/vc_column_text][\/vc_column][\/vc_row][vc_row][vc_column width=&#8221;1\/2&#8243;][vc_column_text]<\/p>\n<div class=\"col-xs-12 col-sm-12 col-md-7\">\n<h4>Lavori edili per il restauro dello storico edificio sono stati la demolizione delle vecchie pareti in gesso, soffitto e tetto demolizione, muratura, intonaco, e la sagomatura rinforzato immissione in cemento.<\/h4>\n<p>Il piano interrato ha un Igloo, importati da Italia, che consiste di taglio e la rimozione PAMA ad una profondit\u00e0 di circa 40 centimetro, poi versare lastra di cemento. Sistema Igloo viene applicato nuovamente dopo il calcestruzzo \u00e8 versato per raggiungere il livello. Nuovi pavimenti prepara per la messa in. anche, \u00c8 stata pulita di vecchi muri di mattoni e soffitto, ed \u00e8 stato applicato con trattamento idrorepellente.<\/p>\n<\/div>\n<p>[\/vc_column_text][vc_column_text]<\/p>\n<h4>Il coordinamento del processo<\/h4>\n<p>Durante la costruzione di qualsiasi progetto, il coordinamento dei traffici \u00e8 parte integrante del processo, in particolare per quanto riguarda i traffici meccaniche ed elettriche. Calcio in tv che investono il calcio dui. solo Obama, in performance, faretra, ultricies, diametro. ma un arco. domani fotografia.[\/vc_column_text][\/vc_column][vc_column width=&#8221;1\/2&#8243;][\/vc_column][\/vc_row]<\/p>\n","protected":false},"excerpt":{"rendered":"<p>I lavori di esecuzione per il restauro dell&#8217;edificio storico consistevano nella demolizione del vecchio intonaco sulle pareti, nella demolizione del soffitto e del tetto, nella muratura, nell&#8217;intonaco, nella rifilatura e nella posa del calcestruzzo di ferro.<\/p>\n","protected":false},"author":1,"featured_media":2500,"parent":2393,"menu_order":0,"comment_status":"closed","ping_status":"closed","template":"","meta":{"footnotes":""},"class_list":["post-2471","page","type-page","status-publish","has-post-thumbnail","hentry"],"_links":{"self":[{"href":"https:\/\/alsoedile.ro\/it\/wp-json\/wp\/v2\/pages\/2471","targetHints":{"allow":["GET"]}}],"collection":[{"href":"https:\/\/alsoedile.ro\/it\/wp-json\/wp\/v2\/pages"}],"about":[{"href":"https:\/\/alsoedile.ro\/it\/wp-json\/wp\/v2\/types\/page"}],"author":[{"embeddable":true,"href":"https:\/\/alsoedile.ro\/it\/wp-json\/wp\/v2\/users\/1"}],"replies":[{"embeddable":true,"href":"https:\/\/alsoedile.ro\/it\/wp-json\/wp\/v2\/comments?post=2471"}],"version-history":[{"count":0,"href":"https:\/\/alsoedile.ro\/it\/wp-json\/wp\/v2\/pages\/2471\/revisions"}],"up":[{"embeddable":true,"href":"https:\/\/alsoedile.ro\/it\/wp-json\/wp\/v2\/pages\/2393"}],"wp:featuredmedia":[{"embeddable":true,"href":"https:\/\/alsoedile.ro\/it\/wp-json\/wp\/v2\/media\/2500"}],"wp:attachment":[{"href":"https:\/\/alsoedile.ro\/it\/wp-json\/wp\/v2\/media?parent=2471"}],"curies":[{"name":"wp","href":"https:\/\/api.w.org\/{rel}","templated":true}]}}